{"id":6017,"date":"2025-06-17T11:26:51","date_gmt":"2025-06-17T09:26:51","guid":{"rendered":"https:\/\/www.erbagiltenuta.it\/?post_type=product&#038;p=6017"},"modified":"2026-04-08T16:05:17","modified_gmt":"2026-04-08T14:05:17","slug":"caldamore","status":"publish","type":"product","link":"https:\/\/www.erbagiltenuta.it\/?product=caldamore","title":{"rendered":"Caldamore"},"content":{"rendered":"<p class=\"p1\">Caldamore\u00ae \u00e8 molto pi\u00f9 di un semplice vino; \u00e8 l\u2019espressione autentica del territorio del Sannio.<\/p>\n<p class=\"p1\"><b>Questo Aglianico del Sannio DOP nasce tra le colline di Guardia Sanframondi, dove il microclima e il suolo conferiscono alle uve caratteristiche uniche.<\/b><br \/>\nAl primo sguardo, il suo rosso rubino cattura l\u2019occhio, promettendo con il tempo eleganti sfumature granato.<br \/>\nAl palato, <b>Caldamore\u00ae<\/b> si rivela secco e caldo, con tannini levigati che avvolgono la bocca in un equilibrio perfetto. Ogni sorso \u00e8 un viaggio sensoriale: l\u2019intensit\u00e0 dei sentori floreali di viola si intreccia con fini note speziate, persistenti e avvolgenti.<br \/>\nCompagno ideale di carni rosse alla griglia, arrosti succulenti e formaggi stagionati, eleva ogni pasto a un\u2019esperienza gastronomica memorabile.<br \/>\n<b>Conservato in un ambiente fresco e lontano da fonti di calore e luce, Caldamore\u00ae preserva intatte le sue qualit\u00e0.<\/b><b><\/b><\/p>\n<p><img loading=\"lazy\" decoding=\"async\" class=\"alignnone wp-image-6466 size-full\" src=\"https:\/\/www.erbagiltenuta.it\/wp-content\/uploads\/2025\/06\/CALDAMORE-MODIFICATO-1.jpg\" alt=\"\" width=\"1920\" height=\"1080\" srcset=\"https:\/\/www.erbagiltenuta.it\/wp-content\/uploads\/2025\/06\/CALDAMORE-MODIFICATO-1.jpg 1920w, https:\/\/www.erbagiltenuta.it\/wp-content\/uploads\/2025\/06\/CALDAMORE-MODIFICATO-1-300x169.jpg 300w, https:\/\/www.erbagiltenuta.it\/wp-content\/uploads\/2025\/06\/CALDAMORE-MODIFICATO-1-1024x576.jpg 1024w, https:\/\/www.erbagiltenuta.it\/wp-content\/uploads\/2025\/06\/CALDAMORE-MODIFICATO-1-768x432.jpg 768w, https:\/\/www.erbagiltenuta.it\/wp-content\/uploads\/2025\/06\/CALDAMORE-MODIFICATO-1-1536x864.jpg 1536w, https:\/\/www.erbagiltenuta.it\/wp-content\/uploads\/2025\/06\/CALDAMORE-MODIFICATO-1-600x338.jpg 600w\" sizes=\"auto, (max-width: 1920px) 100vw, 1920px\" \/><\/p>\n","protected":false},"excerpt":{"rendered":"<p>Caldamore\u00ae \u00e8 un vino del Sannio Aglianico DOP, che si evolve verso toni granato con l&#8217;invecchiamento. Secco, caldo e dai tannini morbidi, offre aromi intensi di viola e spezie, ideale per carni rosse, arrosti e formaggi stagionati.<\/p>\n<div style=\"background-color: #0097a9; color: white; padding: 30px 20px; border-radius: 20px; font-family: sans-serif; text-align: center;\">\n<div style=\"display: flex; justify-content: center; gap: 40px; flex-wrap: wrap; margin: 20px 0;\">\n<div><strong>\ud83c\udf77 Acquista 2 bottiglie<\/strong><br \/>\n\u2192 1 in omaggio<\/div>\n<div><strong>\ud83c\udf7e Acquista 6 bottiglie<\/strong><br \/>\n\u2192 3 in omaggio<\/div>\n<div><strong>\ud83e\udd42 Acquista 12 bottiglie<\/strong><br \/>\n\u2192 6 in omaggio<\/div>\n<\/div>\n<hr style=\"border: none; border-top: 1px solid white; width: 80%; margin: 25px auto;\" \/>\n<p style=\"font-size: 18px; font-weight: bold; margin: 0;\">Scegli le tue bottiglie omaggio direttamente nel carrello.<br \/>\nL\u2019offerta si attiva in automatico!<\/p>\n<\/div>\n<style>\n@keyframes blink {<br \/>  0%, 100% { opacity: 1; }<br \/>  50% { opacity: 0.4; }<br \/>}<br \/><\/style>\n<p>&nbsp;<\/p>\n","protected":false},"featured_media":6464,"comment_status":"open","ping_status":"closed","template":"","meta":[],"product_brand":[],"product_cat":[54],"product_tag":[],"class_list":{"0":"post-6017","1":"product","2":"type-product","3":"status-publish","4":"has-post-thumbnail","6":"product_cat-erbagil-tenuta","8":"first","9":"instock","10":"shipping-taxable","11":"purchasable","12":"product-type-simple"},"_links":{"self":[{"href":"https:\/\/www.erbagiltenuta.it\/index.php?rest_route=\/wp\/v2\/product\/6017","targetHints":{"allow":["GET"]}}],"collection":[{"href":"https:\/\/www.erbagiltenuta.it\/index.php?rest_route=\/wp\/v2\/product"}],"about":[{"href":"https:\/\/www.erbagiltenuta.it\/index.php?rest_route=\/wp\/v2\/types\/product"}],"replies":[{"embeddable":true,"href":"https:\/\/www.erbagiltenuta.it\/index.php?rest_route=%2Fwp%2Fv2%2Fcomments&post=6017"}],"wp:featuredmedia":[{"embeddable":true,"href":"https:\/\/www.erbagiltenuta.it\/index.php?rest_route=\/wp\/v2\/media\/6464"}],"wp:attachment":[{"href":"https:\/\/www.erbagiltenuta.it\/index.php?rest_route=%2Fwp%2Fv2%2Fmedia&parent=6017"}],"wp:term":[{"taxonomy":"product_brand","embeddable":true,"href":"https:\/\/www.erbagiltenuta.it\/index.php?rest_route=%2Fwp%2Fv2%2Fproduct_brand&post=6017"},{"taxonomy":"product_cat","embeddable":true,"href":"https:\/\/www.erbagiltenuta.it\/index.php?rest_route=%2Fwp%2Fv2%2Fproduct_cat&post=6017"},{"taxonomy":"product_tag","embeddable":true,"href":"https:\/\/www.erbagiltenuta.it\/index.php?rest_route=%2Fwp%2Fv2%2Fproduct_tag&post=6017"}],"curies":[{"name":"wp","href":"https:\/\/api.w.org\/{rel}","templated":true}]}}