{"id":6012,"date":"2025-06-17T11:22:19","date_gmt":"2025-06-17T09:22:19","guid":{"rendered":"https:\/\/www.erbagiltenuta.it\/?post_type=product&#038;p=6012"},"modified":"2026-02-28T19:49:39","modified_gmt":"2026-02-28T18:49:39","slug":"oil","status":"publish","type":"product","link":"https:\/\/www.erbagiltenuta.it\/?product=oil","title":{"rendered":"+OIL\u00ae- Olio Extra Vergine di Oliva Biologico con Claim EFSA"},"content":{"rendered":"[vc_row type=&#8221;in_container&#8221; full_screen_row_position=&#8221;middle&#8221; column_margin=&#8221;default&#8221; column_direction=&#8221;default&#8221; column_direction_tablet=&#8221;default&#8221; column_direction_phone=&#8221;default&#8221; scene_position=&#8221;center&#8221; text_color=&#8221;dark&#8221; text_align=&#8221;left&#8221; row_border_radius=&#8221;none&#8221; row_border_radius_applies=&#8221;bg&#8221; overflow=&#8221;visible&#8221; overlay_strength=&#8221;0.3&#8243; gradient_direction=&#8221;left_to_right&#8221; shape_divider_position=&#8221;bottom&#8221; bg_image_animation=&#8221;none&#8221;][vc_column column_padding=&#8221;no-extra-padding&#8221; column_padding_tablet=&#8221;inherit&#8221; column_padding_phone=&#8221;inherit&#8221; column_padding_position=&#8221;all&#8221; column_element_direction_desktop=&#8221;default&#8221; column_element_spacing=&#8221;default&#8221; desktop_text_alignment=&#8221;default&#8221; tablet_text_alignment=&#8221;default&#8221; phone_text_alignment=&#8221;default&#8221; background_color_opacity=&#8221;1&#8243; background_hover_color_opacity=&#8221;1&#8243; column_backdrop_filter=&#8221;none&#8221; column_shadow=&#8221;none&#8221; column_border_radius=&#8221;none&#8221; column_link_target=&#8221;_self&#8221; column_position=&#8221;default&#8221; gradient_direction=&#8221;left_to_right&#8221; overlay_strength=&#8221;0.3&#8243; width=&#8221;1\/1&#8243; tablet_width_inherit=&#8221;default&#8221; animation_type=&#8221;default&#8221; bg_image_animation=&#8221;none&#8221; border_type=&#8221;simple&#8221; column_border_width=&#8221;none&#8221; column_border_style=&#8221;solid&#8221;][vc_column_text css=&#8221;&#8221; text_direction=&#8221;default&#8221;]\n<p class=\"p1\"><b>+OIL\u00ae \u00e8 un olio extra vergine di oliva biologico, firmato Erbagil\u00ae Tenuta, nato dal cuore del Sannio.<br \/>\n<\/b>Frutto di una selezione meticolosa delle olive direttamente sulla pianta, +OIL\u00ae prende vita attraverso un processo che rispetta i ritmi della natura e valorizza ogni sfumatura della nostra cultivar autoctona Ortice.<br \/>\nLa raccolta avviene con delicatezza, il trasporto \u00e8 rapido e attento, e la trasformazione viene eseguita entro 24 ore dalla raccolta, a una temperatura scelta e calibrata appositamente per esaltare le qualit\u00e0 della nostra variet\u00e0.<\/p>\n<p class=\"p1\">Il risultato \u00e8 un olio dal sapore armonico, con eleganti note di amaro e piccante, capace di raccontare la terra da cui proviene.<br \/>\nPerfetto per insalate, zuppe, carni rosse e formaggi freschi, +OIL\u00ae non \u00e8 solo un condimento: \u00e8 un&#8217;esperienza sensoriale che parla di autenticit\u00e0, passione e amore per la propria terra.<\/p>\n[\/vc_column_text][vc_column_text css=&#8221;&#8221; text_direction=&#8221;default&#8221;]\n<p><img loading=\"lazy\" decoding=\"async\" class=\"alignnone size-full wp-image-6439\" src=\"https:\/\/www.erbagiltenuta.it\/wp-content\/uploads\/2025\/06\/OLIO_SITO_OK_modificato-1-1.webp\" alt=\"\" width=\"1920\" height=\"1080\" srcset=\"https:\/\/www.erbagiltenuta.it\/wp-content\/uploads\/2025\/06\/OLIO_SITO_OK_modificato-1-1.webp 1920w, https:\/\/www.erbagiltenuta.it\/wp-content\/uploads\/2025\/06\/OLIO_SITO_OK_modificato-1-1-300x169.webp 300w, https:\/\/www.erbagiltenuta.it\/wp-content\/uploads\/2025\/06\/OLIO_SITO_OK_modificato-1-1-1024x576.webp 1024w, https:\/\/www.erbagiltenuta.it\/wp-content\/uploads\/2025\/06\/OLIO_SITO_OK_modificato-1-1-768x432.webp 768w, https:\/\/www.erbagiltenuta.it\/wp-content\/uploads\/2025\/06\/OLIO_SITO_OK_modificato-1-1-1536x864.webp 1536w, https:\/\/www.erbagiltenuta.it\/wp-content\/uploads\/2025\/06\/OLIO_SITO_OK_modificato-1-1-600x338.webp 600w\" sizes=\"auto, (max-width: 1920px) 100vw, 1920px\" \/>[\/vc_column_text][\/vc_column][\/vc_row]\n","protected":false},"excerpt":{"rendered":"<div class=\"\\\\\\&quot;product-features\\\\\\&quot;\">\n<div>\ud83c\udf3f Monocultivar Ortice<\/div>\n<div>\ud83c\udfc5 Olio Campania IGP (Indicazione Geografica Protetta)<\/div>\n<div>\ud83c\uddee\ud83c\uddf9 Italia<\/div>\n<\/div>\n<p><strong>QUANDO LA QUALIT\u00c0 NASCE DAL METODO<\/strong><\/p>\n<p>+OIL\u00ae\ufe0f \u00e8 un olio extra vergine di oliva biologico ottenuto da monocultivar Ortice, nel territorio del Sannio Beneventano, secondo il disciplinare Olio Campania IGP.<br \/>\nLa sua qualit\u00e0 deriva da un Protocollo di Produzione specifico, che regola ogni fase: dalla gestione dell\u2019oliveto alla raccolta, fino all\u2019estrazione. Gli oliveti sono condotti in biologico e trattati con Ozogea\u00ae\ufe0f, corroborante naturale utilizzato per sostenere le difese endogene della pianta e favorire la produzione di sostanze fenoliche.<br \/>\nIl risultato \u00e8 un olio con alto contenuto di polifenoli, conforme al claim* salutistico EFSA, stabile nel tempo e riconoscibile al gusto.<\/p>\n<p><em>Unicamente, +OIL\u00ae\ufe0f<\/em><\/p>\n<p><strong>CURANDOSI ALIMENTANDOSI\u00ae\ufe0f<\/strong><br \/>\n*I polifenoli dell\u2019olio di oliva contribuiscono alla protezione dei lipidi ematici dallo stress ossidativo. L\u2019effetto benefico si ottiene con l\u2019assunzione giornaliera di 20 g di olio d\u2019oliva.<\/p>\n<p class=\"\\\\\\&quot;p1\\\\\\&quot;\">Ha un sapore equilibrato con note di amaro e piccante, ideale per insalate, zuppe, carni rosse e formaggi freschi.<\/p>\n","protected":false},"featured_media":6440,"comment_status":"open","ping_status":"closed","template":"","meta":[],"product_brand":[],"product_cat":[73],"product_tag":[],"class_list":{"0":"post-6012","1":"product","2":"type-product","3":"status-publish","4":"has-post-thumbnail","6":"product_cat-olio","8":"first","9":"instock","10":"shipping-taxable","11":"purchasable","12":"product-type-variable"},"_links":{"self":[{"href":"https:\/\/www.erbagiltenuta.it\/index.php?rest_route=\/wp\/v2\/product\/6012","targetHints":{"allow":["GET"]}}],"collection":[{"href":"https:\/\/www.erbagiltenuta.it\/index.php?rest_route=\/wp\/v2\/product"}],"about":[{"href":"https:\/\/www.erbagiltenuta.it\/index.php?rest_route=\/wp\/v2\/types\/product"}],"replies":[{"embeddable":true,"href":"https:\/\/www.erbagiltenuta.it\/index.php?rest_route=%2Fwp%2Fv2%2Fcomments&post=6012"}],"wp:featuredmedia":[{"embeddable":true,"href":"https:\/\/www.erbagiltenuta.it\/index.php?rest_route=\/wp\/v2\/media\/6440"}],"wp:attachment":[{"href":"https:\/\/www.erbagiltenuta.it\/index.php?rest_route=%2Fwp%2Fv2%2Fmedia&parent=6012"}],"wp:term":[{"taxonomy":"product_brand","embeddable":true,"href":"https:\/\/www.erbagiltenuta.it\/index.php?rest_route=%2Fwp%2Fv2%2Fproduct_brand&post=6012"},{"taxonomy":"product_cat","embeddable":true,"href":"https:\/\/www.erbagiltenuta.it\/index.php?rest_route=%2Fwp%2Fv2%2Fproduct_cat&post=6012"},{"taxonomy":"product_tag","embeddable":true,"href":"https:\/\/www.erbagiltenuta.it\/index.php?rest_route=%2Fwp%2Fv2%2Fproduct_tag&post=6012"}],"curies":[{"name":"wp","href":"https:\/\/api.w.org\/{rel}","templated":true}]}}